{"id":39,"date":"2026-01-28T10:53:07","date_gmt":"2026-01-28T10:53:07","guid":{"rendered":"https:\/\/kultaeuroiksi.com\/?page_id=39"},"modified":"2026-02-16T16:51:37","modified_gmt":"2026-02-16T16:51:37","slug":"__trashed","status":"publish","type":"page","link":"https:\/\/kultaeuroiksi.com\/","title":{"rendered":"Kultaeuroiksi.com"},"content":{"rendered":"\n<div class=\"wp-block-group alignfull has-global-padding is-content-justification-center is-layout-constrained wp-container-core-group-is-layout-cfb377b4 wp-block-group-is-layout-constrained has-background\" style=\"min-height:0vh;margin-top:0;margin-bottom:0;padding-top:var(--wp--preset--spacing--70);padding-right:var(--wp--preset--spacing--40);padding-bottom:var(--wp--preset--spacing--70);padding-left:var(--wp--preset--spacing--40);background-image:url(&apos;https:\/\/kultaeuroiksi.com\/wp-content\/uploads\/2026\/01\/Kultaeuroiksi.com_.png&apos;);background-position:75% 89%;background-size:cover;\">\n<div class=\"wp-block-group is-nowrap is-layout-flex wp-container-core-group-is-layout-6c531013 wp-block-group-is-layout-flex\">\n<div class=\"wp-block-group has-global-padding is-layout-constrained wp-container-core-group-is-layout-346627ba wp-block-group-is-layout-constrained\">\n<h2 class=\"wp-block-heading has-text-align-center is-style-default\" style=\"margin-right:0;margin-left:0;padding-right:0;padding-left:0;font-size:clamp(2.066rem, 2.066rem + ((1vw - 0.2rem) * 2.563), 3.7rem);\"><strong>Myy meille kultasi<\/strong><\/h2>\n\n\n\n<p class=\"has-text-align-center has-contrast-color has-text-color has-link-color wp-elements-c811a181c3068ed4afa32e8e907d5d58\" style=\"font-size:clamp(1.146rem, 1.146rem + ((1vw - 0.2rem) * 1.026), 1.8rem);\"><strong><mark style=\"background-color:rgba(0, 0, 0, 0)\" class=\"has-inline-color has-contrast-color\">Maksamme siit\u00e4 markkinoiden parhaan hinnan &#8211; luotettavasti ja l\u00e4pin\u00e4kyv\u00e4sti.<\/mark><\/strong><\/p>\n\n\n\n<p><\/p>\n<\/div>\n<\/div>\n<\/div>\n\n\n\n<div class=\"wp-block-group alignfull is-style-section-1 has-base-background-color has-background has-global-padding is-layout-constrained wp-block-group-is-layout-constrained is-style-section-1--1\" style=\"margin-top:0;margin-bottom:0;padding-top:var(--wp--preset--spacing--80);padding-bottom:var(--wp--preset--spacing--80)\">\n<div class=\"wp-block-columns alignwide is-layout-flex wp-container-core-columns-is-layout-66fad18a wp-block-columns-is-layout-flex\">\n<div class=\"wp-block-column is-layout-flow wp-block-column-is-layout-flow\" style=\"padding-right:var(--wp--preset--spacing--50);flex-basis:45%\">\n<figure class=\"wp-block-image alignright size-full is-resized\" style=\"margin-right:-5vw;margin-left:-5vw\"><img loading=\"lazy\" decoding=\"async\" width=\"1490\" height=\"1543\" src=\"https:\/\/kultaeuroiksi.com\/wp-content\/uploads\/2026\/01\/WhatsApp-Image-2025-09-17-at-12.53.33.jpeg\" alt=\"\" class=\"wp-image-42\" style=\"width:412px;height:auto\" srcset=\"https:\/\/kultaeuroiksi.com\/wp-content\/uploads\/2026\/01\/WhatsApp-Image-2025-09-17-at-12.53.33.jpeg 1490w, https:\/\/kultaeuroiksi.com\/wp-content\/uploads\/2026\/01\/WhatsApp-Image-2025-09-17-at-12.53.33-290x300.jpeg 290w, https:\/\/kultaeuroiksi.com\/wp-content\/uploads\/2026\/01\/WhatsApp-Image-2025-09-17-at-12.53.33-989x1024.jpeg 989w, https:\/\/kultaeuroiksi.com\/wp-content\/uploads\/2026\/01\/WhatsApp-Image-2025-09-17-at-12.53.33-768x795.jpeg 768w, https:\/\/kultaeuroiksi.com\/wp-content\/uploads\/2026\/01\/WhatsApp-Image-2025-09-17-at-12.53.33-1483x1536.jpeg 1483w\" sizes=\"auto, (max-width: 1490px) 100vw, 1490px\" \/><\/figure>\n\n\n\n<div class=\"wp-block-group has-global-padding is-layout-constrained wp-block-group-is-layout-constrained\" style=\"margin-top:-12vw\"><\/div>\n<\/div>\n\n\n\n<div class=\"wp-block-column is-vertically-aligned-center is-layout-flow wp-block-column-is-layout-flow\" style=\"padding-right:0;padding-left:0;flex-basis:50%\">\n<p class=\"is-style-text-subtitle is-style-text-subtitle--2\"><strong>Ostamme kultaa luotettavasti ja reiluun hintaan<\/strong><\/p>\n\n\n\n<p class=\"is-style-text-subtitle is-style-text-subtitle--3\"><br>Meilt\u00e4 saat asiantuntevan arvioinnin ja kilpailukykyisen hinnan kultaesineist\u00e4si \u2013 olipa kyse koruista, kolikoista tai romukullasta. Teemme kullan myymisest\u00e4 helppoa, turvallista ja nopeaa. K\u00e4teismaksu heti tai rahat tilille, jopa saman p\u00e4iv\u00e4n aikana.<\/p>\n<\/div>\n<\/div>\n<\/div>\n\n\n\n<div class=\"wp-block-group alignfull has-global-padding is-layout-constrained wp-container-core-group-is-layout-ebee8dc1 wp-block-group-is-layout-constrained\" style=\"margin-top:0;margin-bottom:0;padding-top:var(--wp--preset--spacing--50);padding-bottom:var(--wp--preset--spacing--50)\">\n<h2 class=\"wp-block-heading alignwide has-text-align-center\" style=\"font-size:clamp(26.944px, 1.684rem + ((1vw - 3.2px) * 1.868), 46px);\"><strong>Miksi valita meid\u00e4t<\/strong><\/h2>\n\n\n\n<p class=\"has-text-align-left\">Olemme luotettava suomalainen perheyritys, ja meill\u00e4 on monen vuoden kokemus alalta.&nbsp;&nbsp;Tarjoamme l\u00e4pin\u00e4kyv\u00e4n arviointiprosessin, reilun markkinahinnan ja nopean maksun. Meille jokainen asiakas on t\u00e4rke\u00e4, ja siksi panostamme yst\u00e4v\u00e4lliseen palveluun, asiantuntemukseen ja helppouteen.<\/p>\n\n\n\n<div class=\"wp-block-columns alignwide is-layout-flex wp-container-core-columns-is-layout-28f84493 wp-block-columns-is-layout-flex\">\n<div class=\"wp-block-column is-layout-flow wp-block-column-is-layout-flow\">\n<figure class=\"wp-block-image aligncenter size-full is-resized\" style=\"margin-bottom:24px\"><img loading=\"lazy\" decoding=\"async\" width=\"1024\" height=\"1024\" src=\"https:\/\/kultaeuroiksi.com\/wp-content\/uploads\/2026\/01\/ChatGPT-Image-Jan-28-2026-01_32_05-PM-7.png\" alt=\"\" class=\"wp-image-54\" style=\"aspect-ratio:1;object-fit:cover;width:160px\" srcset=\"https:\/\/kultaeuroiksi.com\/wp-content\/uploads\/2026\/01\/ChatGPT-Image-Jan-28-2026-01_32_05-PM-7.png 1024w, https:\/\/kultaeuroiksi.com\/wp-content\/uploads\/2026\/01\/ChatGPT-Image-Jan-28-2026-01_32_05-PM-7-300x300.png 300w, https:\/\/kultaeuroiksi.com\/wp-content\/uploads\/2026\/01\/ChatGPT-Image-Jan-28-2026-01_32_05-PM-7-150x150.png 150w, https:\/\/kultaeuroiksi.com\/wp-content\/uploads\/2026\/01\/ChatGPT-Image-Jan-28-2026-01_32_05-PM-7-768x768.png 768w\" sizes=\"auto, (max-width: 1024px) 100vw, 1024px\" \/><\/figure>\n\n\n\n<h3 class=\"wp-block-heading\"><strong>Aina ilmainen arviointi<\/strong><\/h3>\n\n\n\n<p class=\"has-medium-font-size\">Meill\u00e4 ei tarvitse koskaan maksaa arvioinnista. Mik\u00e4li et ole tarjoukseen tyytyv\u00e4inen, voit my\u00f6s p\u00e4\u00e4tt\u00e4\u00e4 olla myym\u00e4tt\u00e4 meille.<\/p>\n<\/div>\n\n\n\n<div class=\"wp-block-column is-layout-flow wp-block-column-is-layout-flow\">\n<figure class=\"wp-block-image aligncenter size-full is-resized\" style=\"margin-bottom:24px\"><img loading=\"lazy\" decoding=\"async\" width=\"1024\" height=\"1024\" src=\"https:\/\/kultaeuroiksi.com\/wp-content\/uploads\/2026\/01\/ChatGPT-Image-Jan-28-2026-01_32_05-PM-8.png\" alt=\"\" class=\"wp-image-55\" style=\"aspect-ratio:1;object-fit:cover;width:160px\" srcset=\"https:\/\/kultaeuroiksi.com\/wp-content\/uploads\/2026\/01\/ChatGPT-Image-Jan-28-2026-01_32_05-PM-8.png 1024w, https:\/\/kultaeuroiksi.com\/wp-content\/uploads\/2026\/01\/ChatGPT-Image-Jan-28-2026-01_32_05-PM-8-300x300.png 300w, https:\/\/kultaeuroiksi.com\/wp-content\/uploads\/2026\/01\/ChatGPT-Image-Jan-28-2026-01_32_05-PM-8-150x150.png 150w, https:\/\/kultaeuroiksi.com\/wp-content\/uploads\/2026\/01\/ChatGPT-Image-Jan-28-2026-01_32_05-PM-8-768x768.png 768w\" sizes=\"auto, (max-width: 1024px) 100vw, 1024px\" \/><\/figure>\n\n\n\n<h3 class=\"wp-block-heading\"><strong>Ei tarvitse erikseen varata aikaa<\/strong><\/h3>\n\n\n\n<p class=\"has-medium-font-size\">Sinun ei tarvitse soittaa etuk\u00e4teen ja varata aikaa. Kiertueaikataulumme n\u00e4et paikallislehdist\u00e4, somestamme tai vaikka ihan kys\u00e4isem\u00e4ll\u00e4. Kiinteill\u00e4 pisteill\u00e4 palvellaan aina aukioloaikojen mukaisesti.<\/p>\n<\/div>\n\n\n\n<div class=\"wp-block-column is-layout-flow wp-block-column-is-layout-flow\">\n<figure class=\"wp-block-image aligncenter size-full is-resized\" style=\"margin-bottom:24px\"><img loading=\"lazy\" decoding=\"async\" width=\"1024\" height=\"1024\" src=\"https:\/\/kultaeuroiksi.com\/wp-content\/uploads\/2026\/01\/ChatGPT-Image-Jan-28-2026-01_32_05-PM-9.png\" alt=\"\" class=\"wp-image-56\" style=\"aspect-ratio:1;object-fit:cover;width:160px\" srcset=\"https:\/\/kultaeuroiksi.com\/wp-content\/uploads\/2026\/01\/ChatGPT-Image-Jan-28-2026-01_32_05-PM-9.png 1024w, https:\/\/kultaeuroiksi.com\/wp-content\/uploads\/2026\/01\/ChatGPT-Image-Jan-28-2026-01_32_05-PM-9-300x300.png 300w, https:\/\/kultaeuroiksi.com\/wp-content\/uploads\/2026\/01\/ChatGPT-Image-Jan-28-2026-01_32_05-PM-9-150x150.png 150w, https:\/\/kultaeuroiksi.com\/wp-content\/uploads\/2026\/01\/ChatGPT-Image-Jan-28-2026-01_32_05-PM-9-768x768.png 768w\" sizes=\"auto, (max-width: 1024px) 100vw, 1024px\" \/><\/figure>\n\n\n\n<h3 class=\"wp-block-heading\"><strong>Etk\u00f6 p\u00e4\u00e4se itse paikalle?<\/strong>&nbsp;Ei haittaa!<\/h3>\n\n\n\n<p class=\"has-medium-font-size\">Meid\u00e4n ahkerat kuskimme voivat my\u00f6s tulla luoksesi. Ota yhteytt\u00e4 asiakaspalveluumme ja kerro mit\u00e4 olet myym\u00e4ss\u00e4, niin sovitaan yhdess\u00e4 kotik\u00e4ynnist\u00e4.<\/p>\n<\/div>\n<\/div>\n<\/div>\n\n\n\n<div class=\"wp-block-group alignfull has-global-padding is-layout-constrained wp-block-group-is-layout-constrained\" style=\"margin-top:0;margin-bottom:0;padding-top:var(--wp--preset--spacing--60);padding-bottom:var(--wp--preset--spacing--60)\">\n<div class=\"wp-block-columns alignwide is-layout-flex wp-container-core-columns-is-layout-74b2cda3 wp-block-columns-is-layout-flex\">\n<div class=\"wp-block-column is-layout-flow wp-block-column-is-layout-flow\">\n<p class=\"has-x-large-font-size\">Tyytyv\u00e4isyystakuu &#8211; Myy kultasi ilman riski\u00e4.<\/p>\n\n\n\n<p id=\"wnd_TextBlock_90251759154329908698_inner_1\">Palvelulupaukseemme kuuluu, ett\u00e4 asiakkaamme on aina tyytyv\u00e4inen.&nbsp;<\/p>\n\n\n\n<p id=\"wnd_TextBlock_90251759154329908698_inner_2\">Meille on t\u00e4rke\u00e4\u00e4, ett\u00e4 olet t\u00e4ysin tyytyv\u00e4inen asiointiisi. Siksi tarjoamme tyytyv\u00e4isyystakuun: jos et hyv\u00e4ksy tarjoamaamme hintaa, voit perua kaupan \u2013 ilman kuluja tai sitoumuksia.<\/p>\n\n\n\n<p id=\"wnd_TextBlock_90251759154329908698_inner_3\">Arviointi on aina maksuton, ja saat rauhassa p\u00e4\u00e4tt\u00e4\u00e4, haluatko myyd\u00e4. Meilt\u00e4 saat reilun hinnan ja mielenrauhan.<\/p>\n\n\n\n<p id=\"wnd_TextBlock_90251759154329908698_inner_5\" style=\"font-size:clamp(18.434px, 1.152rem + ((1vw - 3.2px) * 1.036), 29px);\"><strong>Luotettava palvelu. Ei painetta. Ei yll\u00e4tyksi\u00e4.<\/strong><\/p>\n<\/div>\n\n\n\n<div class=\"wp-block-column is-layout-flow wp-block-column-is-layout-flow\" style=\"padding-top:0;padding-right:0;padding-bottom:0;padding-left:0\">\n<figure class=\"wp-block-image size-large\"><img loading=\"lazy\" decoding=\"async\" width=\"1024\" height=\"562\" src=\"https:\/\/kultaeuroiksi.com\/wp-content\/uploads\/2026\/01\/Nayttokuva-2025-10-01-kello-14.09.18-1024x562.png\" alt=\"\" class=\"wp-image-57\" style=\"aspect-ratio:4\/3;object-fit:cover\" srcset=\"https:\/\/kultaeuroiksi.com\/wp-content\/uploads\/2026\/01\/Nayttokuva-2025-10-01-kello-14.09.18-1024x562.png 1024w, https:\/\/kultaeuroiksi.com\/wp-content\/uploads\/2026\/01\/Nayttokuva-2025-10-01-kello-14.09.18-300x165.png 300w, https:\/\/kultaeuroiksi.com\/wp-content\/uploads\/2026\/01\/Nayttokuva-2025-10-01-kello-14.09.18-768x421.png 768w, https:\/\/kultaeuroiksi.com\/wp-content\/uploads\/2026\/01\/Nayttokuva-2025-10-01-kello-14.09.18.png 1068w\" sizes=\"auto, (max-width: 1024px) 100vw, 1024px\" \/><\/figure>\n<\/div>\n<\/div>\n<\/div>\n\n\n\n<div class=\"wp-block-group alignfull has-global-padding is-layout-constrained wp-block-group-is-layout-constrained\" style=\"margin-top:0;margin-bottom:0;padding-top:var(--wp--preset--spacing--50);padding-bottom:var(--wp--preset--spacing--50)\">\n<div class=\"wp-block-group alignwide has-global-padding is-layout-constrained wp-block-group-is-layout-constrained\">\n<h2 class=\"wp-block-heading alignfull has-text-align-center has-xx-large-font-size\">Yhteystiedot<\/h2>\n\n\n\n<p>Ole rohkeasti yhteydess\u00e4, mik\u00e4li sinulla on kysymyksi\u00e4 kullan tai hopean myymiseen liittyen. Mik\u00e4li et tavoita soittamalla, tai asiasi ei ole kiireinen, voit laittaa tekstiviesti\u00e4 tai s\u00e4hk\u00f6postia, niin vastaamme mahdollisimman pian.&nbsp;<br><\/p>\n\n\n\n<p>Soita tai laita tekstiviesti\u00e4:<br>+358 41 312 5842<\/p>\n\n\n\n<p>S\u00e4hk\u00f6posti:<br>info@kultaeuroiksi.com<\/p>\n<\/div>\n<\/div>\n\n\n","protected":false},"excerpt":{"rendered":"<p>Myy meille kultasi Maksamme siit\u00e4 markkinoiden parhaan hinnan &#8211; luotettavasti ja l\u00e4pin\u00e4kyv\u00e4sti. Ostamme kultaa luotettavasti ja reiluun hintaan Meilt\u00e4 saat asiantuntevan arvioinnin ja kilpailukykyisen hinnan kultaesineist\u00e4si \u2013 olipa kyse koruista, kolikoista tai romukullasta. Teemme kullan myymisest\u00e4 helppoa, turvallista ja nopeaa. K\u00e4teismaksu heti tai rahat tilille, jopa saman p\u00e4iv\u00e4n aikana. Miksi valita meid\u00e4t Olemme luotettava suomalainen [&hellip;]<\/p>\n","protected":false},"author":4,"featured_media":0,"parent":0,"menu_order":-1,"comment_status":"closed","ping_status":"closed","template":"","meta":{"footnotes":""},"class_list":["post-39","page","type-page","status-publish","hentry"],"_links":{"self":[{"href":"https:\/\/kultaeuroiksi.com\/index.php\/wp-json\/wp\/v2\/pages\/39","targetHints":{"allow":["GET"]}}],"collection":[{"href":"https:\/\/kultaeuroiksi.com\/index.php\/wp-json\/wp\/v2\/pages"}],"about":[{"href":"https:\/\/kultaeuroiksi.com\/index.php\/wp-json\/wp\/v2\/types\/page"}],"author":[{"embeddable":true,"href":"https:\/\/kultaeuroiksi.com\/index.php\/wp-json\/wp\/v2\/users\/4"}],"replies":[{"embeddable":true,"href":"https:\/\/kultaeuroiksi.com\/index.php\/wp-json\/wp\/v2\/comments?post=39"}],"version-history":[{"count":5,"href":"https:\/\/kultaeuroiksi.com\/index.php\/wp-json\/wp\/v2\/pages\/39\/revisions"}],"predecessor-version":[{"id":68,"href":"https:\/\/kultaeuroiksi.com\/index.php\/wp-json\/wp\/v2\/pages\/39\/revisions\/68"}],"wp:attachment":[{"href":"https:\/\/kultaeuroiksi.com\/index.php\/wp-json\/wp\/v2\/media?parent=39"}],"curies":[{"name":"wp","href":"https:\/\/api.w.org\/{rel}","templated":true}]}}